{"id":32,"date":"2017-08-30T13:01:24","date_gmt":"2017-08-30T13:01:24","guid":{"rendered":"http:\/\/walnutline.com\/?page_id=32"},"modified":"2023-12-17T14:51:10","modified_gmt":"2023-12-17T14:51:10","slug":"despre-noi","status":"publish","type":"page","link":"http:\/\/walnutline.com\/index.php\/despre-noi\/","title":{"rendered":"Despre Noi"},"content":{"rendered":"<p>[vc_row full_width=&#8221;stretch_row&#8221; equal_height=&#8221;yes&#8221; content_placement=&#8221;middle&#8221; hide_bg_image_on_tablet=&#8221;&#8221; hide_bg_image_on_mobile=&#8221;&#8221; css=&#8221;.vc_custom_1620392522320{background-color: #f7f8f9 !important;}&#8221; el_id=&#8221;despre-formare&#8221;][vc_column icons_position=&#8221;left&#8221;][vc_empty_space alter_height=&#8221;huge&#8221; hide_on_desktop=&#8221;&#8221; hide_on_notebook=&#8221;&#8221; hide_on_tablet=&#8221;&#8221; hide_on_mobile=&#8221;&#8221;][\/vc_column][vc_column width=&#8221;1\/2&#8243; icons_position=&#8221;left&#8221;][vc_single_image image=&#8221;1233&#8243; img_size=&#8221;full&#8221; alignment=&#8221;center&#8221; style=&#8221;vc_box_rounded&#8221; css=&#8221;.vc_custom_1619084663495{padding-right: 20px !important;}&#8221;][\/vc_column][vc_column icons_position=&#8221;left&#8221; offset=&#8221;vc_hidden-lg vc_hidden-md vc_hidden-sm&#8221;][vc_empty_space alter_height=&#8221;medium&#8221; hide_on_desktop=&#8221;&#8221; hide_on_notebook=&#8221;&#8221; hide_on_tablet=&#8221;&#8221; hide_on_mobile=&#8221;&#8221;][\/vc_column][vc_column width=&#8221;1\/2&#8243; fix_column=&#8221;&#8221; shift_x=&#8221;tiny_negative&#8221; icons_position=&#8221;left&#8221;][vc_column_text][\/vc_column_text]<div id=\"sc_title_814769005\"\n\t\tclass=\"sc_title color_style_default sc_title_bline  vc_custom_1620392253289\"><h3 class=\"sc_item_title sc_title_title sc_align_left sc_item_title_style_bline\">Formarea Cooperativei de <i>\u00centreprinz\u0103tor<\/i><\/h3><div class=\"sc_item_descr sc_title_descr sc_align_left\"><p><b>Walnut Line<\/b> reprezint\u0103 materializarea inten\u021biilor membrilor acesteia de a-\u0219i spori competitivitatea prin asocierea \u00eentr-un Grup de Produc\u0103tori \u0219i facilitarea accesului la pie\u021be. Astfel, inten\u021bia acesteia de a solicita suport financiar sub form\u0103 de grant investi\u021bional pentru efectuarea investi\u021biilor \u00een infrastructura post-recolt\u0103 destinat\u0103 culturilor horticole \u00een cadrul Proiectului Agricultura Competitiv\u0103 \u00een Moldova (MAC-P), Linia de granturi investi\u0163ionale \u201eAcces la pie\u0163ele de desfacere\u201d reprezint\u0103 o motiva\u021bie \u00een plus pentru membri de a implementa \u00een practic\u0103 inten\u021biile de asociere.<\/p>\n<\/div><\/div><!-- \/.sc_title --><div id=\"cooperative\"\n\t\tclass=\"sc_skills sc_skills_pie sc_skills_compact_on  vc_custom_1702824655873\"\n\t\t\t\tdata-type=\"pie\"\n\t\t><div class=\"sc_item_content sc_skills_content\">\n\t\t\t\t<div class=\"sc_skills_legend\"><div class=\"sc_skills_legend_item\"><span class=\"sc_skills_legend_marker\" style=\"background-color:#df922f\"><\/span><span class=\"sc_skills_legend_title\">AGROCAD PRIM SRL<\/span><span class=\"sc_skills_legend_value\">20%<\/span><\/div><div class=\"sc_skills_legend_item\"><span class=\"sc_skills_legend_marker\" style=\"background-color:#1c3f1d\"><\/span><span class=\"sc_skills_legend_title\">RUSTIC AGRO SRL<\/span><span class=\"sc_skills_legend_value\">20%<\/span><\/div><div class=\"sc_skills_legend_item\"><span class=\"sc_skills_legend_marker\" style=\"background-color:#4cb048\"><\/span><span class=\"sc_skills_legend_title\">LIVIJES SRL<\/span><span class=\"sc_skills_legend_value\">20%<\/span><\/div><div class=\"sc_skills_legend_item\"><span class=\"sc_skills_legend_marker\" style=\"background-color:#a0c93b\"><\/span><span class=\"sc_skills_legend_title\">CONOVAL GT<\/span><span class=\"sc_skills_legend_value\">20%<\/span><\/div><div class=\"sc_skills_legend_item\"><span class=\"sc_skills_legend_marker\" style=\"background-color:#75af43\"><\/span><span class=\"sc_skills_legend_title\">POMUL REGAL SRL<\/span><span class=\"sc_skills_legend_value\">20%<\/span><\/div><\/div>\n\t\t\t\t<div id=\"cooperative_pie_item\" class=\"sc_skills_item\">\n\t\t\t\t\t<canvas id=\"cooperative_pie\" class=\"sc_skills_pie_canvas\"><\/canvas>\n\t\t\t\t\t<div class=\"sc_skills_data\" style=\"display:none;\"><div class=\"pie\" data-start=\"0\" data-stop=\"20\" data-step=\"1\" data-steps=\"100\" data-max=\"100\" data-speed=\"40\" data-duration=\"800\" data-color=\"#df922f\" data-bg_color=\"#ffffff\" data-border_color=\"\" data-cutout=\"20\" data-easing=\"easeOutCirc\" data-ed=\"%\"><input type=\"hidden\" class=\"text\" value=\"AGROCAD PRIM SRL\" \/><input type=\"hidden\" class=\"percent\" value=\"20\" \/><input type=\"hidden\" class=\"color\" value=\"#df922f\" \/><\/div><div class=\"pie\" data-start=\"0\" data-stop=\"20\" data-step=\"1\" data-steps=\"100\" data-max=\"100\" data-speed=\"40\" data-duration=\"800\" data-color=\"#1c3f1d\" data-bg_color=\"#ffffff\" data-border_color=\"\" data-cutout=\"20\" data-easing=\"easeOutCirc\" data-ed=\"%\"><input type=\"hidden\" class=\"text\" value=\"RUSTIC AGRO SRL\" \/><input type=\"hidden\" class=\"percent\" value=\"20\" \/><input type=\"hidden\" class=\"color\" value=\"#1c3f1d\" \/><\/div><div class=\"pie\" data-start=\"0\" data-stop=\"20\" data-step=\"1\" data-steps=\"100\" data-max=\"100\" data-speed=\"33\" data-duration=\"660\" data-color=\"#4cb048\" data-bg_color=\"#ffffff\" data-border_color=\"\" data-cutout=\"20\" data-easing=\"easeOutCirc\" data-ed=\"%\"><input type=\"hidden\" class=\"text\" value=\"LIVIJES SRL\" \/><input type=\"hidden\" class=\"percent\" value=\"20\" \/><input type=\"hidden\" class=\"color\" value=\"#4cb048\" \/><\/div><div class=\"pie\" data-start=\"0\" data-stop=\"20\" data-step=\"1\" data-steps=\"100\" data-max=\"100\" data-speed=\"15\" data-duration=\"300\" data-color=\"#a0c93b\" data-bg_color=\"#ffffff\" data-border_color=\"\" data-cutout=\"20\" data-easing=\"easeOutCirc\" data-ed=\"%\"><input type=\"hidden\" class=\"text\" value=\"CONOVAL GT\" \/><input type=\"hidden\" class=\"percent\" value=\"20\" \/><input type=\"hidden\" class=\"color\" value=\"#a0c93b\" \/><\/div><div class=\"pie\" data-start=\"0\" data-stop=\"20\" data-step=\"1\" data-steps=\"100\" data-max=\"100\" data-speed=\"40\" data-duration=\"800\" data-color=\"#75af43\" data-bg_color=\"#ffffff\" data-border_color=\"\" data-cutout=\"20\" data-easing=\"easeOutCirc\" data-ed=\"%\"><input type=\"hidden\" class=\"text\" value=\"POMUL REGAL SRL\" \/><input type=\"hidden\" class=\"percent\" value=\"20\" \/><input type=\"hidden\" class=\"color\" value=\"#75af43\" \/><\/div><\/div>\n\t\t\t\t<\/div>\n\t\t\t<\/div><\/div>[\/vc_column][vc_column icons_position=&#8221;left&#8221;][vc_empty_space alter_height=&#8221;huge&#8221; hide_on_desktop=&#8221;&#8221; hide_on_notebook=&#8221;&#8221; hide_on_tablet=&#8221;&#8221; hide_on_mobile=&#8221;&#8221;][vc_empty_space height=&#8221;50px&#8221; hide_on_desktop=&#8221;&#8221; hide_on_notebook=&#8221;&#8221; hide_on_tablet=&#8221;&#8221; hide_on_mobile=&#8221;&#8221;][\/vc_column][\/vc_row][vc_row full_width=&#8221;stretch_row_content&#8221; scheme=&#8221;dark&#8221; hide_bg_image_on_tablet=&#8221;&#8221; hide_bg_image_on_mobile=&#8221;&#8221; css=&#8221;.vc_custom_1620313880640{background-image: url(http:\/\/walnutline.com\/wp-content\/uploads\/2017\/08\/bg-7.jpg?id=250) !important;background-position: top left !important;background-repeat: no-repeat !important;background-size: cover !important;}&#8221;][vc_column offset=&#8221;vc_col-md-offset-3 vc_col-md-6&#8243;][vc_empty_space height=&#8221;50px&#8221; alter_height=&#8221;huge&#8221; hide_on_desktop=&#8221;&#8221; hide_on_notebook=&#8221;&#8221; hide_on_tablet=&#8221;&#8221; hide_on_mobile=&#8221;&#8221; css=&#8221;.vc_custom_1620315363019{margin-bottom: -0.4rem !important;}&#8221;][vc_empty_space alter_height=&#8221;huge&#8221; hide_on_desktop=&#8221;&#8221; hide_on_notebook=&#8221;&#8221; hide_on_tablet=&#8221;&#8221; hide_on_mobile=&#8221;&#8221; css=&#8221;.vc_custom_1512632156466{margin-bottom: -0.6rem !important;}&#8221;][vc_column_text]<\/p>\n<h3 style=\"font-size: 3em; text-align: center;\">Obiectivele Cooperative<\/h3>\n<p>[\/vc_column_text][vc_empty_space height=&#8221;80px&#8221; alter_height=&#8221;huge&#8221; hide_on_desktop=&#8221;&#8221; hide_on_notebook=&#8221;&#8221; hide_on_tablet=&#8221;&#8221; hide_on_mobile=&#8221;&#8221; css=&#8221;.vc_custom_1620313904211{margin-bottom: -0.6rem !important;}&#8221;][\/vc_column][\/vc_row][vc_row][vc_column icons_position=&#8221;left&#8221;][vc_empty_space alter_height=&#8221;huge&#8221; hide_on_desktop=&#8221;&#8221; hide_on_notebook=&#8221;&#8221; hide_on_tablet=&#8221;&#8221; hide_on_mobile=&#8221;&#8221;][vc_row_inner equal_height=&#8221;yes&#8221; content_placement=&#8221;bottom&#8221;][vc_column_inner width=&#8221;1\/2&#8243; column_align=&#8221;right&#8221; icons_position=&#8221;left&#8221; offset=&#8221;vc_col-md-4&#8243;]<div id=\"sc_services_613414665\" class=\"sc_services color_style_default sc_services_light sc_services_featured_top\"><div class=\"sc_services_content sc_item_content sc_item_columns_1\"><div class=\"sc_services_item1 with_icon sc_services_item_featured_top\">\n\t<a href=\"http:\/\/walnutline.com\/index.php\/services\/procesarea\/\"\n\t\t\t\t id=\"sc_services_613414665_icon-spin1_1\"\n\t\t\t\t class=\"sc_services_item_icon icon-spin1\"><\/a>\t\n\t<div class=\"sc_services_item_info\">\n\t\t<div class=\"sc_services_item_header\">\n\t\t\t\t\t\t<h6 class=\"sc_services_item_title\"><a href=\"http:\/\/walnutline.com\/index.php\/services\/procesarea\/\">Procesarea<\/a><\/h6>\n\t\t\t<div class=\"sc_services_item_subtitle\"><a href=\"http:\/\/walnutline.com\/index.php\/services_group\/top-features\/\" title=\"View all posts in Top Features\">Top Features<\/a><\/div>\t\t<\/div>\n\t\t\t\t\t<div class=\"sc_services_item_content\"><p>Procesarea avansat\u0103 a produc\u0163iei de nuci prin utilaje performante de recep\u0163ie \u015fi procesare primar\u0103 prin sp\u0103lare \u015fi uscare, sortare \u015fi calibrare optic\u0103 c\u00e2t \u015fi ambalare finit\u0103.<\/p>\n<\/div>\n\t\t\t<div class=\"sc_services_item_button sc_item_button\"><a href=\"http:\/\/walnutline.com\/index.php\/services\/procesarea\/\" class=\"sc_button sc_button_simple\">Learn more<\/a><\/div>\n\t\t\t<\/div>\n<\/div>\n<div class=\"sc_services_item1 with_icon sc_services_item_featured_top\">\n\t<a href=\"http:\/\/walnutline.com\/index.php\/services\/vinzarea\/\"\n\t\t\t\t id=\"sc_services_613414665_icon-shop-light_2\"\n\t\t\t\t class=\"sc_services_item_icon icon-shop-light\"><\/a>\t\n\t<div class=\"sc_services_item_info\">\n\t\t<div class=\"sc_services_item_header\">\n\t\t\t\t\t\t<h6 class=\"sc_services_item_title\"><a href=\"http:\/\/walnutline.com\/index.php\/services\/vinzarea\/\">Vinzarea<\/a><\/h6>\n\t\t\t<div class=\"sc_services_item_subtitle\"><a href=\"http:\/\/walnutline.com\/index.php\/services_group\/top-features\/\" title=\"View all posts in Top Features\">Top Features<\/a><\/div>\t\t<\/div>\n\t\t\t\t\t<div class=\"sc_services_item_content\"><p>Omogenitatea volumelor loturilor de marf\u0103 spre livrare pentru organizarea direct\u0103 a v\u00e2nz\u0103rilor, f\u0103r\u0103 utilizarea intermediarilor.<\/p>\n<\/div>\n\t\t\t<div class=\"sc_services_item_button sc_item_button\"><a href=\"http:\/\/walnutline.com\/index.php\/services\/vinzarea\/\" class=\"sc_button sc_button_simple\">Learn more<\/a><\/div>\n\t\t\t<\/div>\n<\/div>\n<\/div><\/div><!-- \/.sc_services -->[vc_empty_space alter_height=&#8221;medium&#8221; hide_on_desktop=&#8221;&#8221; hide_on_notebook=&#8221;&#8221; hide_on_tablet=&#8221;&#8221; hide_on_mobile=&#8221;&#8221;][\/vc_column_inner][vc_column_inner width=&#8221;1\/3&#8243; icons_position=&#8221;left&#8221; offset=&#8221;vc_hidden-sm vc_hidden-xs&#8221;][vc_single_image image=&#8221;1302&#8243; img_size=&#8221;full&#8221;][\/vc_column_inner][vc_column_inner width=&#8221;1\/2&#8243; column_align=&#8221;left&#8221; icons_position=&#8221;left&#8221; offset=&#8221;vc_col-md-4&#8243;]<div id=\"sc_services_943436931\" class=\"sc_services color_style_default sc_services_light sc_services_featured_top\"><div class=\"sc_services_content sc_item_content sc_item_columns_1\"><div class=\"sc_services_item1 with_icon sc_services_item_featured_top\">\n\t<a href=\"http:\/\/walnutline.com\/index.php\/services\/extinderea\/\"\n\t\t\t\t id=\"sc_services_943436931_icon-globe-light_3\"\n\t\t\t\t class=\"sc_services_item_icon icon-globe-light\"><\/a>\t\n\t<div class=\"sc_services_item_info\">\n\t\t<div class=\"sc_services_item_header\">\n\t\t\t\t\t\t<h6 class=\"sc_services_item_title\"><a href=\"http:\/\/walnutline.com\/index.php\/services\/extinderea\/\">Extinderea<\/a><\/h6>\n\t\t\t<div class=\"sc_services_item_subtitle\"><a href=\"http:\/\/walnutline.com\/index.php\/services_group\/top-features\/\" title=\"View all posts in Top Features\">Top Features<\/a><\/div>\t\t<\/div>\n\t\t\t\t\t<div class=\"sc_services_item_content\"><p>Extinderea domeniului de activitate prin introducerea de tehnologii \u0219i procedee pentru ob\u0163inerea de noi produse, care s\u0103 satisfac\u0103 diferite cerin\u0163e ale consumatorilor.<\/p>\n<\/div>\n\t\t\t<div class=\"sc_services_item_button sc_item_button\"><a href=\"http:\/\/walnutline.com\/index.php\/services\/extinderea\/\" class=\"sc_button sc_button_simple\">Learn more<\/a><\/div>\n\t\t\t<\/div>\n<\/div>\n<div class=\"sc_services_item1 with_icon sc_services_item_featured_top\">\n\t<a href=\"http:\/\/walnutline.com\/index.php\/services\/dezvoltarea\/\"\n\t\t\t\t id=\"sc_services_943436931_icon-child_4\"\n\t\t\t\t class=\"sc_services_item_icon icon-child\"><\/a>\t\n\t<div class=\"sc_services_item_info\">\n\t\t<div class=\"sc_services_item_header\">\n\t\t\t\t\t\t<h6 class=\"sc_services_item_title\"><a href=\"http:\/\/walnutline.com\/index.php\/services\/dezvoltarea\/\">Dezvoltarea<\/a><\/h6>\n\t\t\t<div class=\"sc_services_item_subtitle\"><a href=\"http:\/\/walnutline.com\/index.php\/services_group\/top-features\/\" title=\"View all posts in Top Features\">Top Features<\/a><\/div>\t\t<\/div>\n\t\t\t\t\t<div class=\"sc_services_item_content\"><p>Dezvoltarea agriculturii ecologice \u0219i reinvestirea profiturilor \u00een dezvoltarea afacerii.<\/p>\n<\/div>\n\t\t\t<div class=\"sc_services_item_button sc_item_button\"><a href=\"http:\/\/walnutline.com\/index.php\/services\/dezvoltarea\/\" class=\"sc_button sc_button_simple\">Learn more<\/a><\/div>\n\t\t\t<\/div>\n<\/div>\n<\/div><\/div><!-- \/.sc_services -->[vc_empty_space alter_height=&#8221;medium&#8221; hide_on_desktop=&#8221;&#8221; hide_on_notebook=&#8221;&#8221; hide_on_tablet=&#8221;&#8221; hide_on_mobile=&#8221;&#8221;][\/vc_column_inner][\/vc_row_inner]<div class=\"sc_item_button sc_button_wrap sc_align_center\"><a href=\"http:\/\/walnutline.com\/#form\" id=\"sc_button_1527624833\" class=\"sc_button color_style_default sc_button_default sc_button_size_normal sc_button_icon_left\"><span class=\"sc_button_text\"><span class=\"sc_button_title\">Contacteaz\u0103-ne<\/span><\/span><!-- \/.sc_button_text --><\/a><!-- \/.sc_button --><\/div><!-- \/.sc_item_button -->[vc_empty_space height=&#8221;50px&#8221; alter_height=&#8221;large&#8221; hide_on_desktop=&#8221;&#8221; hide_on_notebook=&#8221;&#8221; hide_on_tablet=&#8221;&#8221; hide_on_mobile=&#8221;&#8221;][\/vc_column][\/vc_row]<\/p>\n","protected":false},"excerpt":{"rendered":"<p>[vc_row full_width=&#8221;stretch_row&#8221; equal_height=&#8221;yes&#8221; content_placement=&#8221;middle&#8221; hide_bg_image_on_tablet=&#8221;&#8221; hide_bg_image_on_mobile=&#8221;&#8221; css=&#8221;.vc_custom_1620392522320{background-color: #f7f8f9 !important;}&#8221; el_id=&#8221;despre-formare&#8221;][vc_column icons_position=&#8221;left&#8221;][vc_empty_space alter_height=&#8221;huge&#8221; hide_on_desktop=&#8221;&#8221; hide_on_notebook=&#8221;&#8221; hide_on_tablet=&#8221;&#8221; hide_on_mobile=&#8221;&#8221;][\/vc_column][vc_column width=&#8221;1\/2&#8243; icons_position=&#8221;left&#8221;][vc_single_image image=&#8221;1233&#8243; img_size=&#8221;full&#8221; alignment=&#8221;center&#8221; style=&#8221;vc_box_rounded&#8221; css=&#8221;.vc_custom_1619084663495{padding-right: 20px !important;}&#8221;][\/vc_column][vc_column icons_position=&#8221;left&#8221; offset=&#8221;vc_hidden-lg vc_hidden-md vc_hidden-sm&#8221;][vc_empty_space alter_height=&#8221;medium&#8221; hide_on_desktop=&#8221;&#8221; hide_on_notebook=&#8221;&#8221; hide_on_tablet=&#8221;&#8221; hide_on_mobile=&#8221;&#8221;][\/vc_column][vc_column width=&#8221;1\/2&#8243; fix_column=&#8221;&#8221; shift_x=&#8221;tiny_negative&#8221; icons_position=&#8221;left&#8221;][vc_column_text][\/vc_column_text][\/vc_column][vc_column icons_position=&#8221;left&#8221;][vc_empty_space&hellip;<\/p>\n","protected":false},"author":1,"featured_media":0,"parent":0,"menu_order":0,"comment_status":"closed","ping_status":"closed","template":"","meta":{"footnotes":""},"class_list":["post-32","page","type-page","status-publish","hentry"],"_links":{"self":[{"href":"http:\/\/walnutline.com\/index.php\/wp-json\/wp\/v2\/pages\/32","targetHints":{"allow":["GET"]}}],"collection":[{"href":"http:\/\/walnutline.com\/index.php\/wp-json\/wp\/v2\/pages"}],"about":[{"href":"http:\/\/walnutline.com\/index.php\/wp-json\/wp\/v2\/types\/page"}],"author":[{"embeddable":true,"href":"http:\/\/walnutline.com\/index.php\/wp-json\/wp\/v2\/users\/1"}],"replies":[{"embeddable":true,"href":"http:\/\/walnutline.com\/index.php\/wp-json\/wp\/v2\/comments?post=32"}],"version-history":[{"count":27,"href":"http:\/\/walnutline.com\/index.php\/wp-json\/wp\/v2\/pages\/32\/revisions"}],"predecessor-version":[{"id":1333,"href":"http:\/\/walnutline.com\/index.php\/wp-json\/wp\/v2\/pages\/32\/revisions\/1333"}],"wp:attachment":[{"href":"http:\/\/walnutline.com\/index.php\/wp-json\/wp\/v2\/media?parent=32"}],"curies":[{"name":"wp","href":"https:\/\/api.w.org\/{rel}","templated":true}]}}