{"id":76,"date":"2017-08-30T13:11:27","date_gmt":"2017-08-30T13:11:27","guid":{"rendered":"http:\/\/walnutline.com\/?page_id=76"},"modified":"2021-05-07T10:45:18","modified_gmt":"2021-05-07T10:45:18","slug":"servicii","status":"publish","type":"page","link":"http:\/\/walnutline.com\/index.php\/servicii\/","title":{"rendered":"Servicii"},"content":{"rendered":"<p>[vc_row][vc_column][vc_empty_space height=&#8221;50px&#8221; alter_height=&#8221;huge&#8221; hide_on_desktop=&#8221;&#8221; hide_on_notebook=&#8221;&#8221; hide_on_tablet=&#8221;&#8221; hide_on_mobile=&#8221;&#8221;][vc_column_text]<\/p>\n<h2 style=\"text-align: center; font-size: 3em; font-weight:500;\">Oferim <b>Clien\u021bilor<\/b><\/h2>\n<p>[\/vc_column_text][vc_empty_space height=&#8221;50px&#8221; alter_height=&#8221;large&#8221; hide_on_desktop=&#8221;&#8221; hide_on_notebook=&#8221;&#8221; hide_on_tablet=&#8221;&#8221; hide_on_mobile=&#8221;&#8221; css=&#8221;.vc_custom_1619083885352{margin-bottom: 0.4rem !important;}&#8221;][vc_row_inner][vc_column_inner el_class=&#8221;hover-effect&#8221; width=&#8221;1\/4&#8243;][vc_icon icon_fontawesome=&#8221;icon-spin4&#8243; color=&#8221;custom&#8221; size=&#8221;lg&#8221; align=&#8221;center&#8221; custom_color=&#8221;#f9a61f&#8221;][vc_column_text]<\/p>\n<h5 style=\"text-align: center;\">Uscare nuci<\/h5>\n<p style=\"text-align: center;\">Usc\u0103torul de nuci este destinat pentru a reduce surplusul de umiditate din nuca p\u00e2n\u0103 la umiditatea admisa.<\/p>\n<p>[\/vc_column_text][\/vc_column_inner][vc_column_inner el_class=&#8221;hover-effect&#8221; width=&#8221;1\/4&#8243;][vc_icon icon_fontawesome=&#8221;fas fa-home&#8221; color=&#8221;custom&#8221; size=&#8221;lg&#8221; align=&#8221;center&#8221; custom_color=&#8221;#f9a61f&#8221;][vc_column_text]<\/p>\n<h5 style=\"text-align: center;\">Depozitare<\/h5>\n<p style=\"text-align: center;\">P\u0103strarea nucilor are loc \u00een \u00eenc\u0103pere special\u0103, care respect\u0103 condi\u021biile de umiditate necesare, iar pe perioada verii se p\u0103streaz\u0103 direct \u00een camera frigorific\u0103<\/p>\n<p>[\/vc_column_text][\/vc_column_inner][vc_column_inner el_class=&#8221;hover-effect&#8221; width=&#8221;1\/4&#8243;][vc_icon icon_fontawesome=&#8221;fas fa-box-open&#8221; color=&#8221;custom&#8221; size=&#8221;lg&#8221; align=&#8221;center&#8221; custom_color=&#8221;#f9a61f&#8221;][vc_column_text]<\/p>\n<h5 style=\"text-align: center;\">Ambalare<\/h5>\n<p style=\"text-align: center;\">Ambalarea se efectueaz\u0103 manual, semi-automat sau automatizat 100% \u00een saci, cutii, pachete. Pot fi ambalate at\u00e2t nucile \u00een coaj\u0103 c\u00e2t \u0219i miezul de nuc\u0103.<\/p>\n<p>[\/vc_column_text][\/vc_column_inner][vc_column_inner el_class=&#8221;hover-effect&#8221; width=&#8221;1\/4&#8243;][vc_icon icon_fontawesome=&#8221;icon-address&#8221; color=&#8221;custom&#8221; size=&#8221;lg&#8221; align=&#8221;center&#8221; custom_color=&#8221;#f9a61f&#8221;][vc_column_text]<\/p>\n<h5 style=\"text-align: center;\">Consultan\u021b\u0103 \u0219i export<\/h5>\n<p style=\"text-align: center;\">To\u021bi clien\u021bii cooperativei pot vinde \u0219i exporta nucile \u00eempreun\u0103 cu produc\u021bia cooperativei, astfel beneficiaz\u0103 de acelea\u0219i condi\u021bii \u0219i pre\u021buri avantajoase.<\/p>\n<p>[\/vc_column_text][\/vc_column_inner][\/vc_row_inner][vc_empty_space alter_height=&#8221;large&#8221; hide_on_desktop=&#8221;&#8221; hide_on_notebook=&#8221;&#8221; hide_on_tablet=&#8221;&#8221; hide_on_mobile=&#8221;&#8221; css=&#8221;.vc_custom_1512572779526{margin-bottom: 0.4rem !important;}&#8221;][vc_empty_space alter_height=&#8221;large&#8221; hide_on_desktop=&#8221;&#8221; hide_on_notebook=&#8221;&#8221; hide_on_tablet=&#8221;&#8221; hide_on_mobile=&#8221;&#8221; css=&#8221;.vc_custom_1512572779526{margin-bottom: 0.4rem !important;}&#8221;][\/vc_column][\/vc_row][vc_row full_width=&#8221;stretch_row&#8221; equal_height=&#8221;yes&#8221; content_placement=&#8221;middle&#8221; hide_bg_image_on_tablet=&#8221;&#8221; hide_bg_image_on_mobile=&#8221;1&#8243; css=&#8221;.vc_custom_1619092149229{background-image: url(http:\/\/walnutline.com\/wp-content\/uploads\/2021\/04\/Untitled-1-4.jpg?id=1248) !important;background-position: center !important;background-repeat: no-repeat !important;background-size: cover !important;}&#8221;][vc_column width=&#8221;1\/2&#8243; hide_bg_image_on_tablet=&#8221;&#8221; hide_bg_image_on_mobile=&#8221;&#8221; css=&#8221;.vc_custom_1504614554841{background-color: #f7f8f9 !important;}&#8221;][vc_empty_space height=&#8221;60px&#8221; alter_height=&#8221;huge&#8221; hide_on_desktop=&#8221;&#8221; hide_on_notebook=&#8221;&#8221; hide_on_tablet=&#8221;&#8221; hide_on_mobile=&#8221;&#8221;]<div id=\"sc_title_1366383213\"\n\t\tclass=\"sc_title color_style_default sc_title_default  vc_custom_1619083086882\"><h3 class=\"sc_item_title sc_title_title sc_align_left sc_item_title_style_default\">Abordare <i>Individual\u0103<\/i><\/h3><div class=\"sc_item_descr sc_title_descr sc_align_left\"><p><b>Orice produc\u0103tor de nuci, indiferent de cantitate poate beneficia de serviciile noastre de decojire \u0219i sp\u0103lare.<\/b><br \/>\nDescojirea este un proces, unde se realizeaz\u0103 deschiderea nucilor verzi si decojirea completa a nucilor cu coaja. Decojirea se face cu ajutorul utilajului numit decojitor.<br \/>\nSp\u0103l\u0103torul este predestinat pentru sp\u0103larea nucilor cur\u0103\u0163ate (decojite), murdare sau ce prezinta urme (pete) de zeama verde, rezultate din strivirea cojilor verzi. Daca nu sunt \u00eendep\u0103rtate, petele se usuc\u0103 si strica aspectul nucilor. De asemenea la sp\u0103lare se elimina ramurile, p\u0103m\u00e2ntul, frunzele \u0219i cojile despicate. Pentru \u00eendep\u0103rtarea petelor ap\u0103rute pe suprafe\u0163ele exterioare a nucilor, op\u0163ional sunt prev\u0103zute in set un vas (rezervor) pentru chimicale si pompa, care se une\u0219te la sp\u0103l\u0103tor si solu\u0163ia este injectata in sp\u0103l\u0103torie prin g\u0103urile de injectare.<\/p>\n<\/div><div class=\"sc_item_button sc_button_wrap sc_align_left\"><a href=\"\/contacts\/\" id=\"sc_button_743626693\" class=\"sc_button color_style_default sc_button_default sc_item_button sc_item_button_default sc_title_button sc_button_size_normal sc_button_icon_left\"><span class=\"sc_button_text\"><span class=\"sc_button_title\">Contacteaz\u0103-ne<\/span><\/span><!-- \/.sc_button_text --><\/a><!-- \/.sc_button --><\/div><!-- \/.sc_item_button --><\/div><!-- \/.sc_title -->[vc_empty_space height=&#8221;60px&#8221; alter_height=&#8221;huge&#8221; hide_on_desktop=&#8221;&#8221; hide_on_notebook=&#8221;&#8221; hide_on_tablet=&#8221;&#8221; hide_on_mobile=&#8221;&#8221;][\/vc_column][vc_column width=&#8221;1\/2&#8243; scheme=&#8221;dark&#8221; hide_bg_image_on_tablet=&#8221;&#8221; hide_bg_image_on_mobile=&#8221;&#8221; css=&#8221;.vc_custom_1619092016541{background-size: cover !important;}&#8221; offset=&#8221;vc_col-md-offset-1 vc_col-md-4&#8243;][\/vc_column][\/vc_row][vc_row full_width=&#8221;stretch_row&#8221; hide_bg_image_on_tablet=&#8221;&#8221; hide_bg_image_on_mobile=&#8221;&#8221; css=&#8221;.vc_custom_1504617083846{background-image: url(http:\/\/walnutline.com\/wp-content\/uploads\/2017\/08\/bg-6.jpg?id=242) !important;background-position: top left !important;background-repeat: no-repeat !important;background-size: cover !important;}&#8221;][vc_column scheme=&#8221;dark&#8221;][vc_empty_space alter_height=&#8221;huge&#8221; hide_on_desktop=&#8221;&#8221; hide_on_notebook=&#8221;&#8221; hide_on_tablet=&#8221;&#8221; hide_on_mobile=&#8221;&#8221;]<div id=\"sc_title_579019272\"\n\t\tclass=\"sc_title color_style_default sc_title_default\"><h6 class=\"sc_item_subtitle sc_title_subtitle sc_align_center sc_item_title_style_default\">Contacteaz\u0103-ne!<\/h6><h3 class=\"sc_item_title sc_title_title sc_align_center sc_item_title_style_default\">Ai <i>\u00eentreb\u0103ri?<\/i><\/h3><\/div><!-- \/.sc_title -->[vc_empty_space alter_height=&#8221;medium&#8221; hide_on_desktop=&#8221;&#8221; hide_on_notebook=&#8221;&#8221; hide_on_tablet=&#8221;&#8221; hide_on_mobile=&#8221;&#8221;][\/vc_column][vc_column offset=&#8221;vc_col-md-offset-2 vc_col-md-8&#8243; el_class=&#8221;color_wh&#8221;]<div role=\"form\" class=\"wpcf7\" id=\"wpcf7-f821-o1\" lang=\"en-US\" dir=\"ltr\">\n<div class=\"screen-reader-response\"><p role=\"status\" aria-live=\"polite\" aria-atomic=\"true\"><\/p> <ul><\/ul><\/div>\n<form action=\"\/index.php\/wp-json\/wp\/v2\/pages\/76#wpcf7-f821-o1\" method=\"post\" class=\"wpcf7-form init\" novalidate=\"novalidate\" data-status=\"init\">\n<div style=\"display: none;\">\n<input type=\"hidden\" name=\"_wpcf7\" value=\"821\" \/>\n<input type=\"hidden\" name=\"_wpcf7_version\" value=\"5.4\" \/>\n<input type=\"hidden\" name=\"_wpcf7_locale\" value=\"en_US\" \/>\n<input type=\"hidden\" name=\"_wpcf7_unit_tag\" value=\"wpcf7-f821-o1\" \/>\n<input type=\"hidden\" name=\"_wpcf7_container_post\" value=\"0\" \/>\n<input type=\"hidden\" name=\"_wpcf7_posted_data_hash\" value=\"\" \/>\n<\/div>\n<div class=\"contact_us\">\n<div class=\"flex\">\n<div class='itm row' ><span class=\"wpcf7-form-control-wrap your-name\"><input type=\"text\" name=\"your-name\" value=\"\" size=\"40\" class=\"wpcf7-form-control wpcf7-text wpcf7-validates-as-required\" aria-required=\"true\" aria-invalid=\"false\" placeholder=\"Nume, Prenume*\" \/><\/span><\/div>\n<div class='itm row'><span class=\"wpcf7-form-control-wrap your-email\"><input type=\"email\" name=\"your-email\" value=\"\" size=\"40\" class=\"wpcf7-form-control wpcf7-text wpcf7-email wpcf7-validates-as-required wpcf7-validates-as-email\" aria-required=\"true\" aria-invalid=\"false\" placeholder=\"Email*\" \/><\/span><\/div>\n<\/div>\n<div class=''><span class=\"wpcf7-form-control-wrap your-message\"><textarea name=\"your-message\" cols=\"40\" rows=\"10\" class=\"wpcf7-form-control wpcf7-textarea wpcf7-validates-as-required\" aria-required=\"true\" aria-invalid=\"false\" placeholder=\"Mesaj*\"><\/textarea><\/span><\/div>\n<div><span class=\"wpcf7-form-control-wrap acceptance-157\"><span class=\"wpcf7-form-control wpcf7-acceptance\"><span class=\"wpcf7-list-item\"><label><input type=\"checkbox\" name=\"acceptance-157\" value=\"1\" aria-invalid=\"false\" \/><span class=\"wpcf7-list-item-label\">Sunt de acord c\u0103 datele mele trimise sunt colectate \u0219i stocate.<\/span><\/label><\/span><\/span><\/span><\/div>\n<div class=\"sc_form_field sc_form_field_button sc_form_field_submit\"><input type=\"submit\" value=\"Trimite acum\" class=\"wpcf7-form-control wpcf7-submit\" \/><\/div>\n<\/div>\n<div class=\"wpcf7-response-output\" aria-hidden=\"true\"><\/div><\/form><\/div>[vc_empty_space alter_height=&#8221;huge&#8221; hide_on_desktop=&#8221;&#8221; hide_on_notebook=&#8221;&#8221; hide_on_tablet=&#8221;&#8221; hide_on_mobile=&#8221;&#8221;][\/vc_column][\/vc_row]<\/p>\n","protected":false},"excerpt":{"rendered":"<p>[vc_row][vc_column][vc_empty_space height=&#8221;50px&#8221; alter_height=&#8221;huge&#8221; hide_on_desktop=&#8221;&#8221; hide_on_notebook=&#8221;&#8221; hide_on_tablet=&#8221;&#8221; hide_on_mobile=&#8221;&#8221;][vc_column_text] Oferim Clien\u021bilor [\/vc_column_text][vc_empty_space height=&#8221;50px&#8221; alter_height=&#8221;large&#8221; hide_on_desktop=&#8221;&#8221; hide_on_notebook=&#8221;&#8221; hide_on_tablet=&#8221;&#8221; hide_on_mobile=&#8221;&#8221; css=&#8221;.vc_custom_1619083885352{margin-bottom: 0.4rem !important;}&#8221;][vc_row_inner][vc_column_inner el_class=&#8221;hover-effect&#8221; width=&#8221;1\/4&#8243;][vc_icon icon_fontawesome=&#8221;icon-spin4&#8243; color=&#8221;custom&#8221; size=&#8221;lg&#8221; align=&#8221;center&#8221; custom_color=&#8221;#f9a61f&#8221;][vc_column_text] Uscare nuci Usc\u0103torul de nuci este destinat pentru a reduce surplusul de umiditate&hellip;<\/p>\n","protected":false},"author":1,"featured_media":0,"parent":0,"menu_order":0,"comment_status":"closed","ping_status":"closed","template":"","meta":{"footnotes":""},"class_list":["post-76","page","type-page","status-publish","hentry"],"_links":{"self":[{"href":"http:\/\/walnutline.com\/index.php\/wp-json\/wp\/v2\/pages\/76","targetHints":{"allow":["GET"]}}],"collection":[{"href":"http:\/\/walnutline.com\/index.php\/wp-json\/wp\/v2\/pages"}],"about":[{"href":"http:\/\/walnutline.com\/index.php\/wp-json\/wp\/v2\/types\/page"}],"author":[{"embeddable":true,"href":"http:\/\/walnutline.com\/index.php\/wp-json\/wp\/v2\/users\/1"}],"replies":[{"embeddable":true,"href":"http:\/\/walnutline.com\/index.php\/wp-json\/wp\/v2\/comments?post=76"}],"version-history":[{"count":20,"href":"http:\/\/walnutline.com\/index.php\/wp-json\/wp\/v2\/pages\/76\/revisions"}],"predecessor-version":[{"id":1318,"href":"http:\/\/walnutline.com\/index.php\/wp-json\/wp\/v2\/pages\/76\/revisions\/1318"}],"wp:attachment":[{"href":"http:\/\/walnutline.com\/index.php\/wp-json\/wp\/v2\/media?parent=76"}],"curies":[{"name":"wp","href":"https:\/\/api.w.org\/{rel}","templated":true}]}}