{"id":1048,"date":"2021-04-13T14:39:23","date_gmt":"2021-04-13T14:39:23","guid":{"rendered":"http:\/\/walnutline.com\/?post_type=product&#038;p=1048"},"modified":"2021-04-15T08:22:54","modified_gmt":"2021-04-15T08:22:54","slug":"tree-paint","status":"publish","type":"product","link":"http:\/\/walnutline.com\/index.php\/product\/tree-paint\/","title":{"rendered":"Vopsea Pomi"},"content":{"rendered":"<p>Tratament preventiv pentru to\u021bi pomii.<\/p>\n<ul>\n<li>Dezinfecteaz\u0103 tulpina \u0219i ramurile 100%<\/li>\n<li>Protejeaz\u0103 \u00eempotriva roz\u0103toarelor \u0219i iepurilor<\/li>\n<li>Protejeaz\u0103 \u00eempotriva arsurilor solare<\/li>\n<li>Cre\u0219te rezisten\u021ba la \u00eenghe\u021b<\/li>\n<li>Tratament \u00eempotriva cancerului negru<\/li>\n<\/ul>\n","protected":false},"excerpt":{"rendered":"<ul>\n<li>Dezinfecteaz\u0103 tulpina \u0219i ramurile 100%<\/li>\n<li>Protejeaz\u0103 \u00eempotriva roz\u0103toarelor \u0219i iepurilor<\/li>\n<li>Protejeaz\u0103 \u00eempotriva arsurilor solare<\/li>\n<li>Cre\u0219te rezisten\u021ba la \u00eenghe\u021b<\/li>\n<li>Tratament \u00eempotriva cancerului negru<\/li>\n<\/ul>\n","protected":false},"featured_media":1053,"comment_status":"open","ping_status":"closed","template":"","meta":[],"class_list":["post-1048","product","type-product","status-publish","has-post-thumbnail","hentry","product_cat-uncategorized","product_tag-paint","product_tag-preventive","product_tag-treatment","product_tag-tree"],"_links":{"self":[{"href":"http:\/\/walnutline.com\/index.php\/wp-json\/wp\/v2\/product\/1048","targetHints":{"allow":["GET"]}}],"collection":[{"href":"http:\/\/walnutline.com\/index.php\/wp-json\/wp\/v2\/product"}],"about":[{"href":"http:\/\/walnutline.com\/index.php\/wp-json\/wp\/v2\/types\/product"}],"replies":[{"embeddable":true,"href":"http:\/\/walnutline.com\/index.php\/wp-json\/wp\/v2\/comments?post=1048"}],"wp:featuredmedia":[{"embeddable":true,"href":"http:\/\/walnutline.com\/index.php\/wp-json\/wp\/v2\/media\/1053"}],"wp:attachment":[{"href":"http:\/\/walnutline.com\/index.php\/wp-json\/wp\/v2\/media?parent=1048"}],"curies":[{"name":"wp","href":"https:\/\/api.w.org\/{rel}","templated":true}]}}