{"id":1087,"date":"2021-04-13T15:59:06","date_gmt":"2021-04-13T15:59:06","guid":{"rendered":"http:\/\/walnutline.com\/?post_type=product&#038;p=1087"},"modified":"2021-04-13T15:59:07","modified_gmt":"2021-04-13T15:59:07","slug":"dulceata-din-nuci-si-miez","status":"publish","type":"product","link":"http:\/\/walnutline.com\/index.php\/product\/dulceata-din-nuci-si-miez\/","title":{"rendered":"DULCEA\u021a\u0102 DIN NUCI \u0218I MIEZ"},"content":{"rendered":"<p>O surpriz\u0103 nou\u0103, crocant\u0103 la dulcea\u021ba noastr\u0103 exclusivist\u0103. Dup\u0103 recoltarea nucilor verzi, acestea sunt sp\u0103late manual \u0219i cur\u0103\u021bate de pielea lor. Apoi ad\u0103ug\u0103m siropul nostru secret \u0219i miezurile noastre premium pentru a face o dulcea\u021b\u0103 de nuc\u0103 verde moale, delicioas\u0103 \u0219i crocant\u0103.<\/p>\n","protected":false},"excerpt":{"rendered":"<div class=\"woocommerce-tabs wc-tabs-wrapper\">\n<div id=\"tab-description\" class=\"woocommerce-Tabs-panel woocommerce-Tabs-panel--description panel entry-content wc-tab\" role=\"tabpanel\" aria-labelledby=\"tab-title-description\">\n<p>Dulcea\u021ba este foarte exclusiv\u0103, perfect moale \u0219i dulce.<\/p>\n<\/div>\n<\/div>\n","protected":false},"featured_media":1088,"comment_status":"open","ping_status":"closed","template":"","meta":[],"class_list":["post-1087","product","type-product","status-publish","has-post-thumbnail","hentry","product_cat-uncategorized","product_tag-dulceata","product_tag-green-walnuts","product_tag-kernels","product_tag-nuceata","product_tag-preserve"],"_links":{"self":[{"href":"http:\/\/walnutline.com\/index.php\/wp-json\/wp\/v2\/product\/1087","targetHints":{"allow":["GET"]}}],"collection":[{"href":"http:\/\/walnutline.com\/index.php\/wp-json\/wp\/v2\/product"}],"about":[{"href":"http:\/\/walnutline.com\/index.php\/wp-json\/wp\/v2\/types\/product"}],"replies":[{"embeddable":true,"href":"http:\/\/walnutline.com\/index.php\/wp-json\/wp\/v2\/comments?post=1087"}],"wp:featuredmedia":[{"embeddable":true,"href":"http:\/\/walnutline.com\/index.php\/wp-json\/wp\/v2\/media\/1088"}],"wp:attachment":[{"href":"http:\/\/walnutline.com\/index.php\/wp-json\/wp\/v2\/media?parent=1087"}],"curies":[{"name":"wp","href":"https:\/\/api.w.org\/{rel}","templated":true}]}}