{"id":1090,"date":"2021-04-13T16:02:04","date_gmt":"2021-04-13T16:02:04","guid":{"rendered":"http:\/\/walnutline.com\/?post_type=product&#038;p=1090"},"modified":"2021-04-13T16:02:05","modified_gmt":"2021-04-13T16:02:05","slug":"miez-de-nuci-in-miere","status":"publish","type":"product","link":"http:\/\/walnutline.com\/index.php\/product\/miez-de-nuci-in-miere\/","title":{"rendered":"MIEZ DE NUCI \u00ceN MIERE"},"content":{"rendered":"<div class=\"woocommerce-tabs wc-tabs-wrapper\">\n<div id=\"tab-description\" class=\"woocommerce-Tabs-panel woocommerce-Tabs-panel--description panel entry-content wc-tab\" role=\"tabpanel\" aria-labelledby=\"tab-title-description\">\n<p>Nuci dulci, lipicioase, delicioase \u00een miere. \u00cemperechea-\u021bi cu ca\u0219caval, vin sau orice desert, alternativ verifica\u021bi Blogul nostru pentru re\u021bete uimitoare.<\/p>\n<\/div>\n<\/div>\n","protected":false},"excerpt":{"rendered":"<div class=\"woocommerce-product-details__short-description\">\n<p>Am combinat nucile cu cea mai bun\u0103 miere din flori \u0219i flori de copaci din \u021bara noastr\u0103. Un desert perfect pentru orice moment al zilei. Cristalizarea este un fenomen natural care este reversibil dac\u0103 pune\u021bi borcanul \u00een ap\u0103 fierbinte p\u00e2n\u0103 la 45C sau 100F.<\/p>\n<\/div>\n","protected":false},"featured_media":1091,"comment_status":"open","ping_status":"closed","template":"","meta":[],"class_list":["post-1090","product","type-product","status-publish","has-post-thumbnail","hentry","product_cat-uncategorized","product_tag-honey","product_tag-nuceata","product_tag-walnut"],"_links":{"self":[{"href":"http:\/\/walnutline.com\/index.php\/wp-json\/wp\/v2\/product\/1090","targetHints":{"allow":["GET"]}}],"collection":[{"href":"http:\/\/walnutline.com\/index.php\/wp-json\/wp\/v2\/product"}],"about":[{"href":"http:\/\/walnutline.com\/index.php\/wp-json\/wp\/v2\/types\/product"}],"replies":[{"embeddable":true,"href":"http:\/\/walnutline.com\/index.php\/wp-json\/wp\/v2\/comments?post=1090"}],"wp:featuredmedia":[{"embeddable":true,"href":"http:\/\/walnutline.com\/index.php\/wp-json\/wp\/v2\/media\/1091"}],"wp:attachment":[{"href":"http:\/\/walnutline.com\/index.php\/wp-json\/wp\/v2\/media?parent=1090"}],"curies":[{"name":"wp","href":"https:\/\/api.w.org\/{rel}","templated":true}]}}