{"id":1096,"date":"2021-04-13T16:07:26","date_gmt":"2021-04-13T16:07:26","guid":{"rendered":"http:\/\/walnutline.com\/?post_type=product&#038;p=1096"},"modified":"2021-04-13T16:07:27","modified_gmt":"2021-04-13T16:07:27","slug":"miez-de-nuci-in-sirop-zero-zahar","status":"publish","type":"product","link":"http:\/\/walnutline.com\/index.php\/product\/miez-de-nuci-in-sirop-zero-zahar\/","title":{"rendered":"MIEZ DE NUCI \u00ceN SIROP ZERO ZAH\u0102R"},"content":{"rendered":"<div class=\"woocommerce-tabs wc-tabs-wrapper\">\n<div id=\"tab-description\" class=\"woocommerce-Tabs-panel woocommerce-Tabs-panel--description panel entry-content wc-tab\" role=\"tabpanel\" aria-labelledby=\"tab-title-description\">\n<p>Nuci dulci, lipicioase, delicioase \u00een miere. \u00cemperechea-\u021bi cu ca\u0219caval, vin sau orice desert, alternativ verifica\u021bi Blogul nostru pentru re\u021bete uimitoare.<\/p>\n<\/div>\n<\/div>\n","protected":false},"excerpt":{"rendered":"<div class=\"woocommerce-product-details__short-description\">\n<p>Ad\u0103uga\u021bi elementul crocant \u0219i dulce \u00een ziua voastr\u0103. Nucea\u021ba aduce aroma magic\u0103 de nuci \u0219i sirop de struguri f\u0103r\u0103 zah\u0103r. Doar adaug\u0103-l la salat\u0103 sau \u00eenghe\u021bat\u0103.<\/p>\n<\/div>\n","protected":false},"featured_media":1097,"comment_status":"open","ping_status":"closed","template":"","meta":[],"class_list":["post-1096","product","type-product","status-publish","has-post-thumbnail","hentry","product_cat-uncategorized","product_tag-nuceata","product_tag-sugarfree","product_tag-syrup","product_tag-walnut"],"_links":{"self":[{"href":"http:\/\/walnutline.com\/index.php\/wp-json\/wp\/v2\/product\/1096","targetHints":{"allow":["GET"]}}],"collection":[{"href":"http:\/\/walnutline.com\/index.php\/wp-json\/wp\/v2\/product"}],"about":[{"href":"http:\/\/walnutline.com\/index.php\/wp-json\/wp\/v2\/types\/product"}],"replies":[{"embeddable":true,"href":"http:\/\/walnutline.com\/index.php\/wp-json\/wp\/v2\/comments?post=1096"}],"wp:featuredmedia":[{"embeddable":true,"href":"http:\/\/walnutline.com\/index.php\/wp-json\/wp\/v2\/media\/1097"}],"wp:attachment":[{"href":"http:\/\/walnutline.com\/index.php\/wp-json\/wp\/v2\/media?parent=1096"}],"curies":[{"name":"wp","href":"https:\/\/api.w.org\/{rel}","templated":true}]}}