{"id":1099,"date":"2021-04-13T16:09:43","date_gmt":"2021-04-13T16:09:43","guid":{"rendered":"http:\/\/walnutline.com\/?post_type=product&#038;p=1099"},"modified":"2021-04-13T16:09:43","modified_gmt":"2021-04-13T16:09:43","slug":"dulceata-din-nuci-verzi","status":"publish","type":"product","link":"http:\/\/walnutline.com\/index.php\/product\/dulceata-din-nuci-verzi\/","title":{"rendered":"DULCEA\u021a\u0102 DIN NUCI VERZI"},"content":{"rendered":"<div class=\"woocommerce-product-details__short-description\">\n<p>O dulcea\u021b\u0103 foarte exclusiv\u0103 din cauza greut\u0103\u021bii de a sincroniza perfect recoltarea \u00eenainte ca nucile s\u0103 \u00eenceap\u0103 s\u0103 se maturizeze. Dup\u0103 recoltarea nucilor, acestea sunt sp\u0103late manual \u0219i cur\u0103\u021bate de pielea lor. Dup\u0103 care ad\u0103ug\u0103m siropul nostru secret pentru a face o dulcea\u021b\u0103 de nuci verzi perfect moale \u0219i dulce.<\/p>\n<\/div>\n","protected":false},"excerpt":{"rendered":"<div class=\"woocommerce-tabs wc-tabs-wrapper\">\n<div id=\"tab-description\" class=\"woocommerce-Tabs-panel woocommerce-Tabs-panel--description panel entry-content wc-tab\" role=\"tabpanel\" aria-labelledby=\"tab-title-description\">\n<p>Dulcea\u021ba este foarte exclusiv\u0103, perfect moale \u0219i dulce.<\/p>\n<\/div>\n<\/div>\n","protected":false},"featured_media":1097,"comment_status":"open","ping_status":"closed","template":"","meta":[],"class_list":["post-1099","product","type-product","status-publish","has-post-thumbnail","hentry","product_cat-uncategorized","product_tag-dulceata","product_tag-green-walnuts","product_tag-nuceata","product_tag-preserve"],"_links":{"self":[{"href":"http:\/\/walnutline.com\/index.php\/wp-json\/wp\/v2\/product\/1099","targetHints":{"allow":["GET"]}}],"collection":[{"href":"http:\/\/walnutline.com\/index.php\/wp-json\/wp\/v2\/product"}],"about":[{"href":"http:\/\/walnutline.com\/index.php\/wp-json\/wp\/v2\/types\/product"}],"replies":[{"embeddable":true,"href":"http:\/\/walnutline.com\/index.php\/wp-json\/wp\/v2\/comments?post=1099"}],"wp:featuredmedia":[{"embeddable":true,"href":"http:\/\/walnutline.com\/index.php\/wp-json\/wp\/v2\/media\/1097"}],"wp:attachment":[{"href":"http:\/\/walnutline.com\/index.php\/wp-json\/wp\/v2\/media?parent=1099"}],"curies":[{"name":"wp","href":"https:\/\/api.w.org\/{rel}","templated":true}]}}